{"id":5868,"date":"2023-03-13T16:19:46","date_gmt":"2023-03-13T15:19:46","guid":{"rendered":"https:\/\/www.uckermarkmilch.de\/?page_id=5868"},"modified":"2023-03-13T16:19:46","modified_gmt":"2023-03-13T15:19:46","slug":"energiepolitik","status":"publish","type":"page","link":"https:\/\/www.uckermarkmilch.de\/?page_id=5868","title":{"rendered":"Energiepolitik"},"content":{"rendered":"<p><strong>Qualit\u00e4ts&#8211;, Umwelt und Energiepolitik<\/strong><\/p>\n<p><strong>1. Qualit\u00e4tspolitik<\/strong><br \/>\nDie von der Uckerm\u00e4rker Milch GmbH (UMP) hergestellten Produkte sollen hinsichtlich Qualit\u00e4t und Produktsicherheit allen gesetzlichen Vorgaben entsprechen und die dar\u00fcber hinaus gehenden W\u00fcnsche unserer Gesch\u00e4ftspartner ber\u00fccksichtigen. Unsere \u00dcberzeugung ist es, dass eine \u00fcberdurchschnittliche Produktqualit\u00e4t die Basis eines jeden Markterfolges ist. Produktlegalit\u00e4t ist unser oberstes Prinzip.<br \/>\nDabei gehen wir mit allen Ressourcen bestm\u00f6glich schonend um und haben auch unsere gesellschaftlichen Verpflichtungen im Blick. Nachhaltiges Wirtschaften inklusive laufender Prozessverbesserungen nehmen wir ernst. Wir verpflichten uns zu unserer mit Kennzahlen hinterlegten Qualit\u00e4ts- und Umweltpolitik \u00fcber alle Bereiche hinweg. Die daf\u00fcr notwendigen Mittel werden von der Gesch\u00e4ftsf\u00fchrung in den Budgets zur Verf\u00fcgung gestellt.<br \/>\nDie Lebensmittelsicherheitskultur kann als die Summe aller gemeinsamer Werte, \u00dcberzeugungen und Einstellungen zur Lebensmittelsicherheit definiert werden. Sie nimmt daher eine entscheidende Rolle in unserem t\u00e4glichen Handeln ein. Wir f\u00fchren einen offenen Dialog untereinander und nutzen die Lebensmittelsicherheitskultur auf allen Ebenen, um durch die Sensibilisierung eine Verbesserung des Verhaltens aller Mitarbeitenden zu erh\u00f6hen.<br \/>\nUm unseren sozialen und ethischen Anforderungen gerecht zu werden f\u00fchren wir regelm\u00e4\u00dfig SEDEX &#8211; Audits (Supplier Ethical Data Exchange) nach SMETA (Sedex Member\u00b4s Ethical Trade Audit) durch.<br \/>\nUnser wesentlichster Erfolgsfaktor sind unsere qualifizierten und verantwortungsvollen Mitarbeitenden. Bei unserem Tun legen wir Wert auf flache Hierarchien, motivierende Zusammenarbeit und kreatives, eigenverantwortliches Denken und Handeln.<br \/>\nEin schl\u00fcssiges, strukturiertes und dokumentiertes Management-System ist eine wesentliche Voraussetzung f\u00fcr die laufenden Prozesse, die notwendigen Marktanpassungen und Ver\u00e4nderungen zur Erreichung unserer gemeinsamen Ziele. Dieses System wurde auf der Basis vom IFS zertifiziert, wird regelm\u00e4\u00dfig bewertet sowie hinsichtlich der Unternehmensziele st\u00e4ndig weiter optimiert.<\/p>\n<p><strong>2. Leits\u00e4tze zur Qualit\u00e4ts- und Umweltpolitik<\/strong><br \/>\nDie Lebensmittelsicherheitskultur ist zentraler Bestandteil der Leits\u00e4tze der Qualit\u00e4ts- und Umweltpolitik.<br \/>\n1. Es ist unser gemeinsames Ziel, profitables Wachstum durch die Herstellung qualitativ hochwertiger Produkte zu realisieren.<br \/>\n2. Dabei kommt es auf jeden einzelnen Mitarbeitenden an.<br \/>\n3. Den Ma\u00dfstab f\u00fcr unsere Qualit\u00e4t setzen die gesetzlichen Rahmenbedingungen und der interne und externe Kunde.<br \/>\n4. Wir verpflichten uns zu Produktlegalit\u00e4t, Produktsicherheit und Nachhaltigkeit bei allen Bearbeitungsschritten, von der Planung bis zum Service am Kunden.<br \/>\n5. Qualit\u00e4t erreichen wir gemeinsam durch motivierte, qualifizierte und verantwortungsbewusste Mitarbeitende, welche sorgf\u00e4ltig mit nat\u00fcrlichen Ressourcen umgehen.<br \/>\n6. Um die Wettbewerbsf\u00e4higkeit des Unternehmens zu st\u00e4rken, behalten wir unsere<br \/>\nKosten im Auge.<br \/>\n7. Fehlervermeidung hat immer Vorrang vor Fehlerbeseitigung.<br \/>\n8. F\u00fcr die Erreichung unserer Ziele ist ein funktionierendes, sich weiterentwickelndes<br \/>\nQualit\u00e4ts- und Umweltmanagement-System die Voraussetzung.<\/p>\n<p><strong>3. Energiepolitik<\/strong><br \/>\nDie Uckerm\u00e4rker Milch GmbH bekennt sich konsequent zu den Anforderungen, die mit einem nachhaltigen Umgang und dem Einsatz insbesondere fossiler Rohstoffe verbunden sind. Eine unter \u00f6kologischen und \u00f6konomischen Gesichtspunkten effiziente Energienutzung ist Grundvoraussetzung f\u00fcr die langfristige Sicherung der Wettbewerbsf\u00e4higkeit, der Bestandssicherung vorhandener Arbeitspl\u00e4tze sowie der Erhaltung unserer hohen Produktqualit\u00e4ten. Der sorgsame Umgang mit begrenzten fossilen Rohstoffen tr\u00e4gt gleichzeitig zum nachhaltigen Klimaschutz und Umweltschutz bei. Besonders relevant f\u00fcr uns ist dabei die spezifische Reduzierung des Verbrauchs, sowie der CO2-Emmissionen der Hauptenergietr\u00e4ger Erdgas und Strom, die zur Herstellung unserer Produkte ben\u00f6tigt werden. Dabei halten wir alle gesetzlichen Vorgaben und Selbstverpflichtungen, die unserer Unternehmen betreffen, ein.<\/p>\n<p>Im Rahmen des Energiemanagements verpflichten wir uns zu einer kontinuierlichen Verbesserung der energiebezogenen Leistung. Vorrangig werden dabei Aktivit\u00e4ten zur Steigerung der Energieeffizienz und zur Energieintensit\u00e4t betrachtet, kontinuierlich \u00fcberwacht, in regelm\u00e4\u00dfigen Abst\u00e4nden \u00fcberpr\u00fcft und \u00fcber die gesamte Organisation kommuniziert. Dies betrifft auch den Erwerb energieeffizienter Produkte und Dienstleistungen.<br \/>\nDie Verbesserung der energiebezogenen Leistung wird durch die systematische Erfassung und Bewertung von Energiestr\u00f6men sowie die Ableitung und Umsetzung von Energieeinsparma\u00dfnahmen verfolgt. Die Verantwortlichkeiten und die daraus resultierenden T\u00e4tigkeiten in der Organisation des Energiemanagements sind klar strukturiert, definiert und dokumentiert.<br \/>\nUnser Energieteam setzt dazu regelm\u00e4\u00dfig Impulse. Die Uckerm\u00e4rker Milch GmbH verpflichtet sich zur Sicherstellung der Verf\u00fcgbarkeit von Informationen, sowie zur Bereitstellung der notwendigen finanziellen und personellen Ressourcen, um die strategischen und operativen Energieziele zu erreichen.<br \/>\nDiese unternehmensspezifische Energiepolitik wird im Rahmen des Energiemanagement-reviews \u00fcberpr\u00fcft und gegebenenfalls angepasst und aktualisiert.<\/p>\n<p>&nbsp;<\/p>\n<p>&nbsp;<\/p>\n<p>&nbsp;<\/p>\n","protected":false},"excerpt":{"rendered":"<p>Qualit\u00e4ts&#8211;, Umwelt und Energiepolitik 1. Qualit\u00e4tspolitik Die von der Uckerm\u00e4rker Milch GmbH (UMP) hergestellten Produkte sollen hinsichtlich Qualit\u00e4t und Produktsicherheit allen gesetzlichen Vorgaben entsprechen und die dar\u00fcber hinaus gehenden W\u00fcnsche unserer Gesch\u00e4ftspartner ber\u00fccksichtigen. Unsere \u00dcberzeugung ist es, dass eine \u00fcberdurchschnittliche Produktqualit\u00e4t die Basis eines jeden Markterfolges ist. Produktlegalit\u00e4t ist unser oberstes Prinzip. Dabei gehen wir [&hellip;]<\/p>\n","protected":false},"author":3,"featured_media":0,"parent":0,"menu_order":0,"comment_status":"closed","ping_status":"closed","template":"","meta":{"_et_pb_use_builder":"","_et_pb_old_content":"","_et_gb_content_width":"","footnotes":""},"class_list":["post-5868","page","type-page","status-publish","hentry"],"_links":{"self":[{"href":"https:\/\/www.uckermarkmilch.de\/index.php?rest_route=\/wp\/v2\/pages\/5868","targetHints":{"allow":["GET"]}}],"collection":[{"href":"https:\/\/www.uckermarkmilch.de\/index.php?rest_route=\/wp\/v2\/pages"}],"about":[{"href":"https:\/\/www.uckermarkmilch.de\/index.php?rest_route=\/wp\/v2\/types\/page"}],"author":[{"embeddable":true,"href":"https:\/\/www.uckermarkmilch.de\/index.php?rest_route=\/wp\/v2\/users\/3"}],"replies":[{"embeddable":true,"href":"https:\/\/www.uckermarkmilch.de\/index.php?rest_route=%2Fwp%2Fv2%2Fcomments&post=5868"}],"version-history":[{"count":3,"href":"https:\/\/www.uckermarkmilch.de\/index.php?rest_route=\/wp\/v2\/pages\/5868\/revisions"}],"predecessor-version":[{"id":5872,"href":"https:\/\/www.uckermarkmilch.de\/index.php?rest_route=\/wp\/v2\/pages\/5868\/revisions\/5872"}],"wp:attachment":[{"href":"https:\/\/www.uckermarkmilch.de\/index.php?rest_route=%2Fwp%2Fv2%2Fmedia&parent=5868"}],"curies":[{"name":"wp","href":"https:\/\/api.w.org\/{rel}","templated":true}]}}