{"id":5793,"date":"2021-05-19T16:56:54","date_gmt":"2021-05-19T15:56:54","guid":{"rendered":"https:\/\/www.uckermarkmilch.de\/?page_id=5793"},"modified":"2021-05-19T17:04:27","modified_gmt":"2021-05-19T16:04:27","slug":"imprint","status":"publish","type":"page","link":"https:\/\/www.uckermarkmilch.de\/?page_id=5793&lang=en","title":{"rendered":"Imprint"},"content":{"rendered":"<p>[et_pb_section fb_built=&#8220;1&#8243; admin_label=&#8220;section&#8220; _builder_version=&#8220;4.9.4&#8243;][et_pb_row admin_label=&#8220;row&#8220; _builder_version=&#8220;4.9.4&#8243; background_size=&#8220;initial&#8220; background_position=&#8220;top_left&#8220; background_repeat=&#8220;repeat&#8220;][et_pb_column type=&#8220;4_4&#8243; _builder_version=&#8220;4.9.4&#8243; custom_padding=&#8220;|||&#8220; custom_padding__hover=&#8220;|||&#8220;][et_pb_text admin_label=&#8220;Text&#8220; _builder_version=&#8220;4.9.4&#8243; background_size=&#8220;initial&#8220; background_position=&#8220;top_left&#8220; background_repeat=&#8220;repeat&#8220;]<\/p>\n<p>Uckerm\u00e4rker Milch GmbH<\/p>\n<p>Represented by Herbert Deniffel und J\u00fcrgen Stephani<\/p>\n<p>Br\u00fcssower Allee 85, 17291 Prenzlau, Germany<br \/>Phone: 0049 3984 8500<\/p>\n<p>E-Mail: info@uckermarkmilch.de<\/p>\n<p>Commercial register Neuruppin HRB 8473<\/p>\n<p>Turnover tax ID number: DE 814982803<\/p>\n<p>&nbsp;<\/p>\n<p>[\/et_pb_text][\/et_pb_column][\/et_pb_row][\/et_pb_section]<\/p>\n","protected":false},"excerpt":{"rendered":"<p>Uckerm\u00e4rker Milch GmbH Represented by Herbert Deniffel und J\u00fcrgen Stephani Br\u00fcssower Allee 85, 17291 Prenzlau, GermanyPhone: 0049 3984 8500 E-Mail: info@uckermarkmilch.de Commercial register Neuruppin HRB 8473 Turnover tax ID number: DE 814982803 &nbsp;<\/p>\n","protected":false},"author":1,"featured_media":0,"parent":0,"menu_order":0,"comment_status":"closed","ping_status":"closed","template":"","meta":{"_et_pb_use_builder":"on","_et_pb_old_content":"","_et_gb_content_width":"","footnotes":""},"class_list":["post-5793","page","type-page","status-publish","hentry"],"_links":{"self":[{"href":"https:\/\/www.uckermarkmilch.de\/index.php?rest_route=\/wp\/v2\/pages\/5793","targetHints":{"allow":["GET"]}}],"collection":[{"href":"https:\/\/www.uckermarkmilch.de\/index.php?rest_route=\/wp\/v2\/pages"}],"about":[{"href":"https:\/\/www.uckermarkmilch.de\/index.php?rest_route=\/wp\/v2\/types\/page"}],"author":[{"embeddable":true,"href":"https:\/\/www.uckermarkmilch.de\/index.php?rest_route=\/wp\/v2\/users\/1"}],"replies":[{"embeddable":true,"href":"https:\/\/www.uckermarkmilch.de\/index.php?rest_route=%2Fwp%2Fv2%2Fcomments&post=5793"}],"version-history":[{"count":5,"href":"https:\/\/www.uckermarkmilch.de\/index.php?rest_route=\/wp\/v2\/pages\/5793\/revisions"}],"predecessor-version":[{"id":5800,"href":"https:\/\/www.uckermarkmilch.de\/index.php?rest_route=\/wp\/v2\/pages\/5793\/revisions\/5800"}],"wp:attachment":[{"href":"https:\/\/www.uckermarkmilch.de\/index.php?rest_route=%2Fwp%2Fv2%2Fmedia&parent=5793"}],"curies":[{"name":"wp","href":"https:\/\/api.w.org\/{rel}","templated":true}]}}